{"id":10310,"date":"2024-11-07T14:27:37","date_gmt":"2024-11-07T14:27:37","guid":{"rendered":"https:\/\/faircasino.cz\/?page_id=10310"},"modified":"2025-07-01T12:33:29","modified_gmt":"2025-07-01T12:33:29","slug":"faircasino-contact","status":"publish","type":"page","link":"https:\/\/faircasino.cz\/en\/faircasino-contact\/","title":{"rendered":"Contact Faircasino"},"content":{"rendered":"<div id=\"fws_69f219c686921\"  data-column-margin=\"default\" data-midnight=\"dark\"  class=\"wpb_row vc_row-fluid vc_row\"  style=\"padding-top: 0px; padding-bottom: 0px; \"><div class=\"row-bg-wrap\" data-bg-animation=\"none\" data-bg-animation-delay=\"\" data-bg-overlay=\"false\"><div class=\"inner-wrap row-bg-layer\" ><div class=\"row-bg viewport-desktop\"  style=\"\"><\/div><\/div><\/div><div class=\"row_col_wrap_12 col span_12 dark left\">\n\t<div  class=\"vc_col-sm-12 wpb_column column_container vc_column_container col no-extra-padding inherit_tablet inherit_phone\"  data-padding-pos=\"all\" data-has-bg-color=\"false\" data-bg-color=\"\" data-bg-opacity=\"1\" data-animation=\"\" data-delay=\"0\" >\n\t\t<div class=\"vc_column-inner\" >\n\t\t\t<div class=\"wpb_wrapper\">\n\t\t\t\t\n<div class=\"wpb_text_column wpb_content_element\" >\n\t<div class=\"wpb_wrapper\">\n\t\t<div class=\"aioseo-breadcrumbs\"><span class=\"aioseo-breadcrumb\">\n\tHome\n<\/span><\/div>\n\t<\/div>\n<\/div>\n\n\n\n\n\t\t\t<\/div> \n\t\t<\/div>\n\t<\/div> \n<\/div><\/div>\n\t\t<div id=\"fws_69f219c687c2b\"  data-column-margin=\"default\" data-midnight=\"dark\"  class=\"wpb_row vc_row-fluid vc_row\"  style=\"padding-top: 0px; padding-bottom: 0px; \"><div class=\"row-bg-wrap\" data-bg-animation=\"none\" data-bg-animation-delay=\"\" data-bg-overlay=\"false\"><div class=\"inner-wrap row-bg-layer\" ><div class=\"row-bg viewport-desktop\"  style=\"\"><\/div><\/div><\/div><div class=\"row_col_wrap_12 col span_12 dark left\">\n\t<div  class=\"vc_col-sm-12 wpb_column column_container vc_column_container col no-extra-padding inherit_tablet inherit_phone\"  data-padding-pos=\"all\" data-has-bg-color=\"false\" data-bg-color=\"\" data-bg-opacity=\"1\" data-animation=\"\" data-delay=\"0\" >\n\t\t<div class=\"vc_column-inner\" >\n\t\t\t<div class=\"wpb_wrapper\">\n\t\t\t\t\n<div class=\"wpb_text_column wpb_content_element\" >\n\t<div class=\"wpb_wrapper\">\n\t\t<h1 class=\"mb-2 mt-6 text-lg first:mt-3\">Contact us<\/h1>\n<p>We'd love to hear from you! Whether you have questions, feedback, or just want to get in touch, don't hesitate to contact us.<\/p>\n<h2 class=\"mb-2 mt-6 text-lg first:mt-3\">Send us an e-mail<\/h2>\n<p>If you have any questions, please contact us at:<\/p>\n<p><strong>cxpxnhxgxn@gmail.com<\/strong><\/p>\n<h2 class=\"mb-2 mt-6 text-lg first:mt-3\">Connect with us on social media<\/h2>\n<p>Stay in touch with us through our social media channels:<\/p>\n<ul class=\"marker:text-textOff list-disc pl-8\">\n<li><strong><a href=\"https:\/\/www.linkedin.com\/in\/marek-proch%C3%A1zka-a44875328\/\">LinkedIn<\/a>:<\/strong> Follow us for professional information and insights.<\/li>\n<li><strong><a href=\"https:\/\/x.com\/MarekProch97105\">X.com:<\/a><\/strong> Join the conversation and stay connected with our latest news.<\/li>\n<li><strong><a href=\"https:\/\/www.youtube.com\/@MarekProch%C3%A1zka-i1j\">YouTube:<\/a><\/strong> Subscribe to our channel for videos about our services and more information.<\/li>\n<\/ul>\n\t<\/div>\n<\/div>\n\n\n\n\n\t\t\t<\/div> \n\t\t<\/div>\n\t<\/div> \n<\/div><\/div>","protected":false},"excerpt":{"rendered":"Domov Kontaktujte n\u00e1s Budeme r\u00e1di, kdy\u017e se n\u00e1m ozvete! A\u0165 u\u017e m\u00e1te dotazy, zp\u011btnou vazbu nebo se chcete jen spojit, nev\u00e1hejte se na n\u00e1s obr\u00e1tit. Po\u0161lete n\u00e1m e-mail V p\u0159\u00edpad\u011b dotaz\u016f n\u00e1s pros\u00edm kontaktujte na e-mailov\u00e9 adrese: cxpxnhxgxn@gmail.com Spojte se s n\u00e1mi na soci\u00e1ln\u00edch s\u00edt\u00edch Z\u016fsta\u0148te s n\u00e1mi v kontaktu prost\u0159ednictv\u00edm na\u0161ich kan\u00e1l\u016f soci\u00e1ln\u00edch m\u00e9di\u00ed: LinkedIn: Sledujte n\u00e1s a z\u00edskejte profesn\u00ed informace a post\u0159ehy. X.com: P\u0159ipojte se ke konverzaci a...","protected":false},"author":7,"featured_media":0,"parent":0,"menu_order":0,"comment_status":"closed","ping_status":"closed","template":"","meta":{"_acf_changed":false,"inline_featured_image":false,"_glsr_average":0,"_glsr_ranking":0,"_glsr_reviews":0,"footnotes":""},"class_list":["post-10310","page","type-page","status-publish"],"acf":[],"aioseo_notices":[],"_links":{"self":[{"href":"https:\/\/faircasino.cz\/en\/wp-json\/wp\/v2\/pages\/10310","targetHints":{"allow":["GET"]}}],"collection":[{"href":"https:\/\/faircasino.cz\/en\/wp-json\/wp\/v2\/pages"}],"about":[{"href":"https:\/\/faircasino.cz\/en\/wp-json\/wp\/v2\/types\/page"}],"author":[{"embeddable":true,"href":"https:\/\/faircasino.cz\/en\/wp-json\/wp\/v2\/users\/7"}],"replies":[{"embeddable":true,"href":"https:\/\/faircasino.cz\/en\/wp-json\/wp\/v2\/comments?post=10310"}],"version-history":[{"count":3,"href":"https:\/\/faircasino.cz\/en\/wp-json\/wp\/v2\/pages\/10310\/revisions"}],"predecessor-version":[{"id":11759,"href":"https:\/\/faircasino.cz\/en\/wp-json\/wp\/v2\/pages\/10310\/revisions\/11759"}],"wp:attachment":[{"href":"https:\/\/faircasino.cz\/en\/wp-json\/wp\/v2\/media?parent=10310"}],"curies":[{"name":"wp","href":"https:\/\/api.w.org\/{rel}","templated":true}]}}