{"id":10562,"date":"2024-11-26T16:56:34","date_gmt":"2024-11-26T16:56:34","guid":{"rendered":"https:\/\/faircasino.cz\/?page_id=10562"},"modified":"2024-12-19T17:54:07","modified_gmt":"2024-12-19T17:54:07","slug":"sitemap","status":"publish","type":"page","link":"https:\/\/faircasino.cz\/en\/sitemap\/","title":{"rendered":"Site Map"},"content":{"rendered":"<div id=\"fws_69f2f969a0323\"  data-column-margin=\"default\" data-midnight=\"dark\"  class=\"wpb_row vc_row-fluid vc_row\"  style=\"padding-top: 0px; padding-bottom: 0px; \"><div class=\"row-bg-wrap\" data-bg-animation=\"none\" data-bg-animation-delay=\"\" data-bg-overlay=\"false\"><div class=\"inner-wrap row-bg-layer\" ><div class=\"row-bg viewport-desktop\"  style=\"\"><\/div><\/div><\/div><div class=\"row_col_wrap_12 col span_12 dark left\">\n\t<div  class=\"vc_col-sm-12 wpb_column column_container vc_column_container col no-extra-padding inherit_tablet inherit_phone\"  data-padding-pos=\"all\" data-has-bg-color=\"false\" data-bg-color=\"\" data-bg-opacity=\"1\" data-animation=\"\" data-delay=\"0\" >\n\t\t<div class=\"vc_column-inner\" >\n\t\t\t<div class=\"wpb_wrapper\">\n\t\t\t\t\n<div class=\"wpb_text_column wpb_content_element\" >\n\t<div class=\"wpb_wrapper\">\n\t\t<div class=\"aioseo-breadcrumbs\"><span class=\"aioseo-breadcrumb\">\n\tHome\n<\/span><\/div>\n\t<\/div>\n<\/div>\n\n\n\n\n\t\t\t<\/div> \n\t\t<\/div>\n\t<\/div> \n<\/div><\/div>\n\t\t<div id=\"fws_69f2f969a131d\"  data-column-margin=\"default\" data-midnight=\"dark\"  class=\"wpb_row vc_row-fluid vc_row\"  style=\"padding-top: 0px; padding-bottom: 0px; \"><div class=\"row-bg-wrap\" data-bg-animation=\"none\" data-bg-animation-delay=\"\" data-bg-overlay=\"false\"><div class=\"inner-wrap row-bg-layer\" ><div class=\"row-bg viewport-desktop\"  style=\"\"><\/div><\/div><\/div><div class=\"row_col_wrap_12 col span_12 dark left\">\n\t<div  class=\"vc_col-sm-12 wpb_column column_container vc_column_container col no-extra-padding inherit_tablet inherit_phone\"  data-padding-pos=\"all\" data-has-bg-color=\"false\" data-bg-color=\"\" data-bg-opacity=\"1\" data-animation=\"\" data-delay=\"0\" >\n\t\t<div class=\"vc_column-inner\" >\n\t\t\t<div class=\"wpb_wrapper\">\n\t\t\t\t<h1 style=\"text-align: left\" class=\"vc_custom_heading vc_do_custom_heading\" >Site Map<\/h1>\n\t\t\t<\/div> \n\t\t<\/div>\n\t<\/div> \n<\/div><\/div>\n\t\t<div id=\"fws_69f2f969a1c1c\"  data-column-margin=\"none\" data-midnight=\"dark\"  class=\"wpb_row vc_row-fluid vc_row\"  style=\"padding-top: 0px; padding-bottom: 0px; \"><div class=\"row-bg-wrap\" data-bg-animation=\"none\" data-bg-animation-delay=\"\" data-bg-overlay=\"false\"><div class=\"inner-wrap row-bg-layer\" ><div class=\"row-bg viewport-desktop\"  style=\"\"><\/div><\/div><\/div><div class=\"row_col_wrap_12 col span_12 dark left\">\n\t<div  class=\"vc_col-sm-12 wpb_column column_container vc_column_container col no-extra-padding inherit_tablet inherit_phone\"  data-padding-pos=\"all\" data-has-bg-color=\"false\" data-bg-color=\"\" data-bg-opacity=\"1\" data-animation=\"\" data-delay=\"0\" >\n\t\t<div class=\"vc_column-inner\" >\n\t\t\t<div class=\"wpb_wrapper\">\n\t\t\t\t\n<div class=\"wpb_text_column wpb_content_element\" >\n\t<div class=\"wpb_wrapper\">\n\t\t<div class=\"aioseo-html-sitemap\"><style>.aioseo-html-sitemap.labels-hidden ul { margin: 0; }<\/style><div class=\"aioseo-html-post-sitemap\"><h4>Posts<\/h4><ul><li><a href=\"https:\/\/faircasino.cz\/en\/job-quotes-in-igaming\/\" >Job offers in IGaming<\/a><\/li><li><a href=\"https:\/\/faircasino.cz\/en\/tipsport-casino\/\" >Tipsport Casino<\/a><\/li><li><a href=\"https:\/\/faircasino.cz\/en\/deposit-bonus\/\" >Deposit Bonus<\/a><\/li><li><a href=\"https:\/\/faircasino.cz\/en\/free-spins-today\/\" >Free spins today<\/a><\/li><\/ul><\/div><br \/><div class=\"aioseo-html-page-sitemap\"><h4>Pages<\/h4><ul><li><a href=\"https:\/\/faircasino.cz\/en\/\" >Homepage<\/a><\/li><li><a href=\"https:\/\/faircasino.cz\/en\/about-faircasino\/\" >About FairCasino<\/a><\/li><li><a href=\"https:\/\/faircasino.cz\/en\/terms-and-conditions\/\" >Terms and Conditions<\/a><\/li><li><a href=\"https:\/\/faircasino.cz\/en\/information-about-the-bonus-casino\/\" >Bonus Casino Information<\/a><\/li><li><a href=\"https:\/\/faircasino.cz\/en\/information-about-casinos-without-verification\/\" >Information on casinos without verification<\/a><\/li><li><a href=\"https:\/\/faircasino.cz\/en\/information-about-online-crypto-casinos\/\" >Information about online crypto casinos<\/a><\/li><li><a href=\"https:\/\/faircasino.cz\/en\/events-for-czech-players\/\" >Events for Czech players<\/a><\/li><li><a href=\"https:\/\/faircasino.cz\/en\/play-and-pay-with-cryptocurrencies-in-online-casinos\/\" >Play and pay with cryptocurrencies at online casinos<\/a><\/li><li><a href=\"https:\/\/faircasino.cz\/en\/privacy-policy-for-faircasino\/\" >Privacy Policy for FairCasino<\/a><\/li><li><a href=\"https:\/\/faircasino.cz\/en\/faircasino-contact\/\" >Contact Faircasino<\/a><\/li><li><a href=\"https:\/\/faircasino.cz\/en\/cookie-policy-for-faircasino-cz\/\" >Cookie Policy for FairCasino.cz<\/a><\/li><li><a href=\"https:\/\/faircasino.cz\/en\/sitemap\/\" >Site Map<\/a><\/li><li><a href=\"https:\/\/faircasino.cz\/en\/dictionary\/\" >Dictionary<\/a><\/li><\/ul><\/div><br \/><div class=\"aioseo-html-promo-sitemap\"><h4>Promotional Events<\/h4><ul><li><a href=\"https:\/\/faircasino.cz\/en\/promo\/national-casino-review\/\" >National Casino Review<\/a><\/li><li><a href=\"https:\/\/faircasino.cz\/en\/promo\/wazamba-casino-review\/\" >Wazamba Casino Review<\/a><\/li><li><a href=\"https:\/\/faircasino.cz\/en\/promo\/cashed-casino-review\/\" >Cashed Casino Review<\/a><\/li><li><a href=\"https:\/\/faircasino.cz\/en\/promo\/casinoly-casino-review\/\" >Casinoly Casino Review<\/a><\/li><li><a href=\"https:\/\/faircasino.cz\/en\/promo\/greatwin-casino-review\/\" >Greatwin Casino Review<\/a><\/li><li><a href=\"https:\/\/faircasino.cz\/en\/promo\/joker8-casino-review\/\" >Joker8 Casino Review<\/a><\/li><li><a href=\"https:\/\/faircasino.cz\/en\/promo\/powbet-casino-review\/\" >Powbet Casino Review<\/a><\/li><li><a href=\"https:\/\/faircasino.cz\/en\/promo\/quickwin-casino-review\/\" >QuickWin Casino Review<\/a><\/li><li><a href=\"https:\/\/faircasino.cz\/en\/promo\/spinsy-casino-review\/\" >Spinsy Casino Review<\/a><\/li><li><a href=\"https:\/\/faircasino.cz\/en\/promo\/vegasino-casino-review\/\" >Vegasino Casino Review<\/a><\/li><li><a href=\"https:\/\/faircasino.cz\/en\/promo\/bc-game-crypto-casino-review\/\" >BC.Game Crypto Casino Review<\/a><\/li><li><a href=\"https:\/\/faircasino.cz\/en\/promo\/spinanga-casino-review\/\" >Spinanga Casino Review<\/a><\/li><\/ul><\/div><br \/><div class=\"aioseo-html-autor-prispevku-sitemap\"><h4>Authors of Posts<\/h4><ul><li><a href=\"https:\/\/faircasino.cz\/en\/post-author\/marek-prochazka\/\" >Marek Proch\u00e1zka<\/a><\/li><\/ul><\/div><br \/><\/div>\n\t<\/div>\n<\/div>\n\n\n\n\n\t\t\t<\/div> \n\t\t<\/div>\n\t<\/div> \n<\/div><\/div>","protected":false},"excerpt":{"rendered":"Domov Mapa str\u00e1nek PostsJob offers in IGamingTipsport CasinoBonus za vkladFree spiny dnesPagesDomovsk\u00e1 str\u00e1nkaO FairCasinoPodm\u00ednky a pravidlaInformace o bonusov\u00e9m kasinuInformace o kasinech bez ov\u011b\u0159en\u00edInformace o online krypto kasinechAkce pro \u010desk\u00e9 hr\u00e1\u010deHrajte a pla\u0165te s kryptom\u011bnami v online kasinechZ\u00e1sady ochrany osobn\u00edch \u00fadaj\u016f pro FairCasinoKontaktujte FaircasinoZ\u00e1sady pou\u017e\u00edv\u00e1n\u00ed soubor\u016f cookie pro FairCasino.czMapa str\u00e1nekSlovn\u00edkPropaga\u010dn\u00ed AkceNational Casino RecenzeWazamba Casino RecenzeCashed Casino RecenzeCasinoly Casino RecenzeGreatwin Casino RecenzeJoker8 Casino RecenzePowbet Casino RecenzeQuickWin Casino RecenzeSpinsy Casino RecenzeVegasino Casino RecenzeBC.Game...","protected":false},"author":1,"featured_media":0,"parent":0,"menu_order":0,"comment_status":"closed","ping_status":"closed","template":"","meta":{"_acf_changed":false,"inline_featured_image":false,"_glsr_average":0,"_glsr_ranking":0,"_glsr_reviews":0,"footnotes":""},"class_list":["post-10562","page","type-page","status-publish"],"acf":[],"aioseo_notices":[],"_links":{"self":[{"href":"https:\/\/faircasino.cz\/en\/wp-json\/wp\/v2\/pages\/10562","targetHints":{"allow":["GET"]}}],"collection":[{"href":"https:\/\/faircasino.cz\/en\/wp-json\/wp\/v2\/pages"}],"about":[{"href":"https:\/\/faircasino.cz\/en\/wp-json\/wp\/v2\/types\/page"}],"author":[{"embeddable":true,"href":"https:\/\/faircasino.cz\/en\/wp-json\/wp\/v2\/users\/1"}],"replies":[{"embeddable":true,"href":"https:\/\/faircasino.cz\/en\/wp-json\/wp\/v2\/comments?post=10562"}],"version-history":[{"count":0,"href":"https:\/\/faircasino.cz\/en\/wp-json\/wp\/v2\/pages\/10562\/revisions"}],"wp:attachment":[{"href":"https:\/\/faircasino.cz\/en\/wp-json\/wp\/v2\/media?parent=10562"}],"curies":[{"name":"wp","href":"https:\/\/api.w.org\/{rel}","templated":true}]}}